{"id":4,"date":"2022-08-01T20:04:11","date_gmt":"2022-08-01T17:04:11","guid":{"rendered":"http:\/\/arsus.com.tr\/?page_id=4"},"modified":"2022-08-01T23:58:20","modified_gmt":"2022-08-01T20:58:20","slug":"arsus-tarim-sulama-insaat","status":"publish","type":"page","link":"https:\/\/arsus.com.tr\/","title":{"rendered":"Arsus Tar\u0131m Sulama \u0130n\u015faat"},"content":{"rendered":"\n<div class=\"wp-block-nextend-smartslider3\"><\/div>\n","protected":false},"excerpt":{"rendered":"","protected":false},"author":1,"featured_media":0,"parent":0,"menu_order":0,"comment_status":"closed","ping_status":"closed","template":"page-template\/custom-front-page.php","meta":[],"_links":{"self":[{"href":"https:\/\/arsus.com.tr\/index.php?rest_route=\/wp\/v2\/pages\/4"}],"collection":[{"href":"https:\/\/arsus.com.tr\/index.php?rest_route=\/wp\/v2\/pages"}],"about":[{"href":"https:\/\/arsus.com.tr\/index.php?rest_route=\/wp\/v2\/types\/page"}],"author":[{"embeddable":true,"href":"https:\/\/arsus.com.tr\/index.php?rest_route=\/wp\/v2\/users\/1"}],"replies":[{"embeddable":true,"href":"https:\/\/arsus.com.tr\/index.php?rest_route=%2Fwp%2Fv2%2Fcomments&post=4"}],"version-history":[{"count":7,"href":"https:\/\/arsus.com.tr\/index.php?rest_route=\/wp\/v2\/pages\/4\/revisions"}],"predecessor-version":[{"id":58,"href":"https:\/\/arsus.com.tr\/index.php?rest_route=\/wp\/v2\/pages\/4\/revisions\/58"}],"wp:attachment":[{"href":"https:\/\/arsus.com.tr\/index.php?rest_route=%2Fwp%2Fv2%2Fmedia&parent=4"}],"curies":[{"name":"wp","href":"https:\/\/api.w.org\/{rel}","templated":true}]}}